{"id":36,"date":"2024-11-18T00:09:23","date_gmt":"2024-11-17T23:09:23","guid":{"rendered":"https:\/\/www.suedwestschadenservice.de\/WP\/?page_id=36"},"modified":"2026-03-04T08:27:52","modified_gmt":"2026-03-04T07:27:52","slug":"buero-thomas-und-robin-saelzler","status":"publish","type":"page","link":"https:\/\/www.suedwestschadenservice.de\/?page_id=36","title":{"rendered":"B\u00fcro Thomas und Robin S\u00e4lzler"},"content":{"rendered":"<div class=\"wp-block-image\">\n<figure class=\"alignleft size-full\"><img loading=\"lazy\" decoding=\"async\" width=\"639\" height=\"565\" src=\"https:\/\/www.suedwestschadenservice.de\/WP\/wp-content\/uploads\/2024\/11\/Saelzler.jpg\" alt=\"\" class=\"wp-image-37\" srcset=\"https:\/\/www.suedwestschadenservice.de\/wp-content\/uploads\/2024\/11\/Saelzler.jpg 639w, https:\/\/www.suedwestschadenservice.de\/wp-content\/uploads\/2024\/11\/Saelzler-300x265.jpg 300w\" sizes=\"auto, (max-width: 639px) 100vw, 639px\" \/><\/figure>\n<\/div>\n\n\n<p>Kirchstr. 72<br>68753 Wagh\u00e4usel<\/p>\n\n\n\n<p>Tel:&nbsp;&nbsp;&nbsp;&nbsp;&nbsp; 07254 \/ 9506-70<br>Fax: &nbsp;&nbsp;&nbsp; 07254 \/ 9506-71<\/p>\n\n\n\n<p><\/p>\n\n\n\n<p><a href=\"mailto:saelzler@suedwestschadenservice.de\">saelzler@suedwestschadenservice.de<\/a><\/p>\n\n\n\n<p>Auftr\u00e4ge senden Sie bitte an:<br><strong><a href=\"mailto:auftrag@suedwestschadenservice.de\">auftrag@suedwestschadenservice.de<\/a><\/strong><\/p>\n\n\n\n<hr class=\"wp-block-separator has-alpha-channel-opacity\"\/>\n\n\n\n<p><\/p>\n\n\n\n<div class=\"wp-block-columns is-layout-flex wp-container-core-columns-is-layout-9d6595d7 wp-block-columns-is-layout-flex\">\n<div class=\"wp-block-column is-layout-flow wp-block-column-is-layout-flow\">\n<h2 class=\"wp-block-heading\"><strong>Thomas S\u00e4lzler<\/strong><\/h2>\n\n\n\n<p><strong>Tel: 0173 \/ 2962214<\/strong><br><a href=\"mailto:saelzler@suedwestschadenservice.de\"><strong>saelzler@suedwestschadenservice.de<\/strong><\/a> <br><br>seit 1989 Schadenregulierer<\/p>\n\n\n\n<p>seit 2008 Mitglied im Bundesverband freier Sachverst\u00e4ndiger (bvfs.de) als SV f\u00fcr Brand-, Leitungswasser- und Einbruchsch\u00e4den<br><\/p>\n\n\n\n<h2 class=\"wp-block-heading\"><strong>Robin S\u00e4lzler<\/strong><\/h2>\n\n\n\n<p><strong>Tel: 0179 \/ 4922759<\/strong><br><a href=\"mailto:r.saelzler@suedwestschadenservice.de\"><strong>r.saelzler@suedwestschadenservice.de<\/strong><\/a><br><br>seit 2020 Schadenregulierer<\/p>\n\n\n\n<p>seit 2024 Mitglied im Bundesverband freier Sachverst\u00e4ndiger (bvfs.de) als SV f\u00fcr Brand-, Leitungswasser- und Einbruchsch\u00e4den<\/p>\n\n\n\n<p><\/p>\n<\/div>\n\n\n\n<div class=\"wp-block-column is-layout-flow wp-block-column-is-layout-flow\">\n<h2 class=\"wp-block-heading\"><strong>Mitarbeiter\/innen Innendienst:<\/strong><\/h2>\n\n\n\n<p><\/p>\n\n\n\n<ul class=\"wp-block-list\">\n<li>Doris S\u00e4lzler<\/li>\n\n\n\n<li>Michael S\u00e4lzler<\/li>\n\n\n\n<li>Isabel Vogel<\/li>\n<\/ul>\n\n\n\n<p><\/p>\n\n\n\n<h2 class=\"wp-block-heading\"><strong>Schadenregulierer \/ Sachverst\u00e4ndige:<\/strong><\/h2>\n\n\n\n<table style=\"border:none\">\n\n<tr><td>Michael Danner<\/td><td>Tel: 0177-8798325<\/td><\/tr>\n\n<tr style=\"border:none\"><td>Willi Mattner<\/td><td>Tel: 0162-5317439<\/td><\/tr>\n\n<tr style=\"border:none\"><td>Herbert Schuster<\/td><td>Tel: 0172-7151523<\/td><\/tr>\n\n<tr style=\"border:none\"><td>Dieter Ternig<\/td><td>Tel: 0157-85629584<\/td><\/tr><\/table>\n\n\n\n<p><\/p>\n\n\n\n<div class=\"wp-block-columns is-layout-flex wp-container-core-columns-is-layout-9d6595d7 wp-block-columns-is-layout-flex\">\n<div class=\"wp-block-column is-layout-flow wp-block-column-is-layout-flow\"><\/div>\n\n\n\n<div class=\"wp-block-column is-layout-flow wp-block-column-is-layout-flow\"><\/div>\n<\/div>\n\n\n\n<div class=\"wp-block-columns is-layout-flex wp-container-core-columns-is-layout-9d6595d7 wp-block-columns-is-layout-flex\">\n<div class=\"wp-block-column is-layout-flow wp-block-column-is-layout-flow\"><\/div>\n\n\n\n<div class=\"wp-block-column is-layout-flow wp-block-column-is-layout-flow\"><\/div>\n<\/div>\n\n\n\n<ul class=\"wp-block-list\">\n<li><\/li>\n<\/ul>\n<\/div>\n<\/div>\n\n\n\n<p><\/p>\n","protected":false},"excerpt":{"rendered":"<div class=\"entry-summary\">\nKirchstr. 7268753 Wagh\u00e4usel Tel:&nbsp;&nbsp;&nbsp;&nbsp;&nbsp; 07254 \/ 9506-70Fax: &nbsp;&nbsp;&nbsp; 07254 \/ 9506-71 saelzler@suedwestschadenservice.de Auftr\u00e4ge senden Sie bitte an:auftrag@suedwestschadenservice.de Thomas S\u00e4lzler Tel: 0173 \/ 2962214saelzler@suedwestschadenservice.de seit 1989 Schadenregulierer seit 2008 Mitglied im Bundesverband freier Sachverst\u00e4ndiger (bvfs.de) als SV f\u00fcr Brand-, Leitungswasser- und Einbruchsch\u00e4den Robin S\u00e4lzler Tel: 0179 \/ 4922759r.saelzler@suedwestschadenservice.de seit 2020 Schadenregulierer seit 2024 Mitglied im Bundesverband&hellip;\n<\/div>\n<div class=\"link-more\"><a href=\"https:\/\/www.suedwestschadenservice.de\/?page_id=36\" class=\"more-link\">Continue reading<span class=\"screen-reader-text\"> &ldquo;B\u00fcro Thomas und Robin S\u00e4lzler&rdquo;<\/span>&hellip;<\/a><\/div>\n","protected":false},"author":1,"featured_media":0,"parent":0,"menu_order":0,"comment_status":"closed","ping_status":"closed","template":"","meta":{"footnotes":""},"class_list":["post-36","page","type-page","status-publish","hentry","entry"],"_links":{"self":[{"href":"https:\/\/www.suedwestschadenservice.de\/index.php?rest_route=\/wp\/v2\/pages\/36","targetHints":{"allow":["GET"]}}],"collection":[{"href":"https:\/\/www.suedwestschadenservice.de\/index.php?rest_route=\/wp\/v2\/pages"}],"about":[{"href":"https:\/\/www.suedwestschadenservice.de\/index.php?rest_route=\/wp\/v2\/types\/page"}],"author":[{"embeddable":true,"href":"https:\/\/www.suedwestschadenservice.de\/index.php?rest_route=\/wp\/v2\/users\/1"}],"replies":[{"embeddable":true,"href":"https:\/\/www.suedwestschadenservice.de\/index.php?rest_route=%2Fwp%2Fv2%2Fcomments&post=36"}],"version-history":[{"count":10,"href":"https:\/\/www.suedwestschadenservice.de\/index.php?rest_route=\/wp\/v2\/pages\/36\/revisions"}],"predecessor-version":[{"id":90,"href":"https:\/\/www.suedwestschadenservice.de\/index.php?rest_route=\/wp\/v2\/pages\/36\/revisions\/90"}],"wp:attachment":[{"href":"https:\/\/www.suedwestschadenservice.de\/index.php?rest_route=%2Fwp%2Fv2%2Fmedia&parent=36"}],"curies":[{"name":"wp","href":"https:\/\/api.w.org\/{rel}","templated":true}]}}