{"id":33,"date":"2024-11-17T23:53:46","date_gmt":"2024-11-17T22:53:46","guid":{"rendered":"https:\/\/www.suedwestschadenservice.de\/WP\/?page_id=33"},"modified":"2024-11-18T00:27:54","modified_gmt":"2024-11-17T23:27:54","slug":"buero-rainer-herrnberger","status":"publish","type":"page","link":"https:\/\/www.suedwestschadenservice.de\/?page_id=33","title":{"rendered":"B\u00fcro Rainer Herrnberger"},"content":{"rendered":"<div class=\"wp-block-image is-style-default\">\n<figure class=\"alignleft size-full\"><img loading=\"lazy\" decoding=\"async\" width=\"512\" height=\"768\" src=\"https:\/\/www.suedwestschadenservice.de\/WP\/wp-content\/uploads\/2024\/11\/Herrnberger-001_Internet.jpg\" alt=\"\" class=\"wp-image-34\" srcset=\"https:\/\/www.suedwestschadenservice.de\/wp-content\/uploads\/2024\/11\/Herrnberger-001_Internet.jpg 512w, https:\/\/www.suedwestschadenservice.de\/wp-content\/uploads\/2024\/11\/Herrnberger-001_Internet-200x300.jpg 200w\" sizes=\"auto, (max-width: 512px) 100vw, 512px\" \/><\/figure>\n<\/div>\n\n\n<h2 class=\"wp-block-heading\"><strong>Rainer Herrnberger<\/strong><\/h2>\n\n\n\n<p>Am Burgfeld 12<br>47441 Moers<br>Fon: 02841-8898698<br>Fax: 02841-8898699<\/p>\n\n\n\n<p><a href=\"mailto:herrnberger@suedwestschadenservice.de\">herrnberger@suedwestschadenservice.de<\/a><\/p>\n\n\n\n<p><\/p>\n\n\n\n<p><\/p>\n\n\n\n<h2 class=\"wp-block-heading\">Werdegang<\/h2>\n\n\n\n<p>1973-1976&nbsp;&nbsp;&nbsp; Ausbildung zum Versicherungskaufmann bei der Volksf\u00fcrsorge <\/p>\n\n\n\n<p>1976-1984&nbsp;&nbsp;&nbsp; Schadensachbearbeiter Innendienst bei der Volksf\u00fcrsorge <\/p>\n\n\n\n<p>1984-1989&nbsp;&nbsp; Arbeitsgruppenleiter Schaden im Innendienst bei der Volksf\u00fcrsorge <\/p>\n\n\n\n<p>1989-2003&nbsp;&nbsp; Direktionsschadenregulierer bei der Volksf\u00fcrsorge <\/p>\n\n\n\n<p>2003-2004&nbsp;&nbsp; Angestellter Schadenregulierer bei der Dekra <\/p>\n\n\n\n<p>2004 bis heute freiberuflicher Schadenregulierer f\u00fcr diverse&nbsp;Versicherungsgesellschaften <\/p>\n\n\n\n<p>Seit 2008 &nbsp;freier Sachverst\u00e4ndiger f\u00fcr Versicherungssch\u00e4den<\/p>\n\n\n\n<p><\/p>\n","protected":false},"excerpt":{"rendered":"<div class=\"entry-summary\">\nRainer Herrnberger Am Burgfeld 1247441 MoersFon: 02841-8898698Fax: 02841-8898699 herrnberger@suedwestschadenservice.de Werdegang 1973-1976&nbsp;&nbsp;&nbsp; Ausbildung zum Versicherungskaufmann bei der Volksf\u00fcrsorge 1976-1984&nbsp;&nbsp;&nbsp; Schadensachbearbeiter Innendienst bei der Volksf\u00fcrsorge 1984-1989&nbsp;&nbsp; Arbeitsgruppenleiter Schaden im Innendienst bei der Volksf\u00fcrsorge 1989-2003&nbsp;&nbsp; Direktionsschadenregulierer bei der Volksf\u00fcrsorge 2003-2004&nbsp;&nbsp; Angestellter Schadenregulierer bei der Dekra 2004 bis heute freiberuflicher Schadenregulierer f\u00fcr diverse&nbsp;Versicherungsgesellschaften Seit 2008 &nbsp;freier Sachverst\u00e4ndiger f\u00fcr Versicherungssch\u00e4den\n<\/div>\n<div class=\"link-more\"><a href=\"https:\/\/www.suedwestschadenservice.de\/?page_id=33\" class=\"more-link\">Continue reading<span class=\"screen-reader-text\"> &ldquo;B\u00fcro Rainer Herrnberger&rdquo;<\/span>&hellip;<\/a><\/div>\n","protected":false},"author":1,"featured_media":0,"parent":0,"menu_order":0,"comment_status":"closed","ping_status":"closed","template":"","meta":{"footnotes":""},"class_list":["post-33","page","type-page","status-publish","hentry","entry"],"_links":{"self":[{"href":"https:\/\/www.suedwestschadenservice.de\/index.php?rest_route=\/wp\/v2\/pages\/33","targetHints":{"allow":["GET"]}}],"collection":[{"href":"https:\/\/www.suedwestschadenservice.de\/index.php?rest_route=\/wp\/v2\/pages"}],"about":[{"href":"https:\/\/www.suedwestschadenservice.de\/index.php?rest_route=\/wp\/v2\/types\/page"}],"author":[{"embeddable":true,"href":"https:\/\/www.suedwestschadenservice.de\/index.php?rest_route=\/wp\/v2\/users\/1"}],"replies":[{"embeddable":true,"href":"https:\/\/www.suedwestschadenservice.de\/index.php?rest_route=%2Fwp%2Fv2%2Fcomments&post=33"}],"version-history":[{"count":4,"href":"https:\/\/www.suedwestschadenservice.de\/index.php?rest_route=\/wp\/v2\/pages\/33\/revisions"}],"predecessor-version":[{"id":54,"href":"https:\/\/www.suedwestschadenservice.de\/index.php?rest_route=\/wp\/v2\/pages\/33\/revisions\/54"}],"wp:attachment":[{"href":"https:\/\/www.suedwestschadenservice.de\/index.php?rest_route=%2Fwp%2Fv2%2Fmedia&parent=33"}],"curies":[{"name":"wp","href":"https:\/\/api.w.org\/{rel}","templated":true}]}}