{"id":2,"date":"2024-11-13T23:05:46","date_gmt":"2024-11-13T22:05:46","guid":{"rendered":"https:\/\/www.suedwestschadenservice.de\/WP\/?page_id=2"},"modified":"2025-01-21T08:55:05","modified_gmt":"2025-01-21T07:55:05","slug":"beispiel-seite","status":"publish","type":"page","link":"https:\/\/www.suedwestschadenservice.de\/","title":{"rendered":"Willkommen"},"content":{"rendered":"\n<p>Als Arbeitsgemeinschaft, bestehend aus zwei B\u00fcros, an zwei Standorten, regulieren wir Sach- und Haftpflichtsch\u00e4den zuverl\u00e4ssig und fallabschlie\u00dfend.<br><\/p>\n\n\n\n<div class=\"wp-block-columns is-layout-flex wp-container-core-columns-is-layout-9d6595d7 wp-block-columns-is-layout-flex\">\n<div class=\"wp-block-column is-layout-flow wp-block-column-is-layout-flow\">\n<p><strong>B\u00fcro Thomas und Robin S\u00e4lzler, Wagh\u00e4usel<\/strong><br>Kirchstr. 72<br>68753 Wagh\u00e4usel<br>Tel.:   07254 \/ 9506-70<br>Fax:   07254 \/ 9506-71<br><br><a href=\"mailto:saelzler@suedwestschadenservice.de\">saelzler@suedwestschadenservice.de<\/a><\/p>\n\n\n\n<p><a href=\"mailto:r.saelzler@suedwestschadenservice.de\">r.saelzler@suedwestschadenservice.de<\/a><\/p>\n\n\n\n<p><\/p>\n\n\n\n<p><\/p>\n\n\n\n<p><\/p>\n\n\n\n<p><\/p>\n\n\n\n<p><\/p>\n\n\n\n<p><\/p>\n\n\n\n<p><\/p>\n<\/div>\n\n\n\n<div class=\"wp-block-column is-layout-flow wp-block-column-is-layout-flow\">\n<p class=\"has-text-align-left\"><strong>B\u00fcro Rainer Herrnberger, Moers<\/strong><br>Am Burgfeld 12<br>47441 Moers<br>Tel.:   02841 \/ 88986-98<br>Fax:   02841 \/ 88986-99<\/p>\n\n\n\n<p><a href=\"mailto:herrnberger@suedwestschadenservice.de\">herrnberger@suedwestschadenservice.de<\/a><\/p>\n<\/div>\n<\/div>\n\n\n\n<p>Zentraler Auftragseingang: <a href=\"mailto:auftrag@suedwestschadenservice.de\">auftrag@suedwestschadenservice.de<\/a><\/p>\n\n\n\n<p><\/p>\n","protected":false},"excerpt":{"rendered":"<div class=\"entry-summary\">\nAls Arbeitsgemeinschaft, bestehend aus zwei B\u00fcros, an zwei Standorten, regulieren wir Sach- und Haftpflichtsch\u00e4den zuverl\u00e4ssig und fallabschlie\u00dfend. B\u00fcro Thomas und Robin S\u00e4lzler, Wagh\u00e4uselKirchstr. 7268753 Wagh\u00e4uselTel.: 07254 \/ 9506-70Fax: 07254 \/ 9506-71 saelzler@suedwestschadenservice.de r.saelzler@suedwestschadenservice.de B\u00fcro Rainer Herrnberger, MoersAm Burgfeld 1247441 MoersTel.: 02841 \/ 88986-98Fax: 02841 \/ 88986-99 herrnberger@suedwestschadenservice.de Zentraler Auftragseingang: auftrag@suedwestschadenservice.de\n<\/div>\n<div class=\"link-more\"><a href=\"https:\/\/www.suedwestschadenservice.de\/\" class=\"more-link\">Continue reading<span class=\"screen-reader-text\"> &ldquo;Willkommen&rdquo;<\/span>&hellip;<\/a><\/div>\n","protected":false},"author":1,"featured_media":0,"parent":0,"menu_order":0,"comment_status":"closed","ping_status":"open","template":"","meta":{"footnotes":""},"class_list":["post-2","page","type-page","status-publish","hentry","entry"],"_links":{"self":[{"href":"https:\/\/www.suedwestschadenservice.de\/index.php?rest_route=\/wp\/v2\/pages\/2","targetHints":{"allow":["GET"]}}],"collection":[{"href":"https:\/\/www.suedwestschadenservice.de\/index.php?rest_route=\/wp\/v2\/pages"}],"about":[{"href":"https:\/\/www.suedwestschadenservice.de\/index.php?rest_route=\/wp\/v2\/types\/page"}],"author":[{"embeddable":true,"href":"https:\/\/www.suedwestschadenservice.de\/index.php?rest_route=\/wp\/v2\/users\/1"}],"replies":[{"embeddable":true,"href":"https:\/\/www.suedwestschadenservice.de\/index.php?rest_route=%2Fwp%2Fv2%2Fcomments&post=2"}],"version-history":[{"count":7,"href":"https:\/\/www.suedwestschadenservice.de\/index.php?rest_route=\/wp\/v2\/pages\/2\/revisions"}],"predecessor-version":[{"id":80,"href":"https:\/\/www.suedwestschadenservice.de\/index.php?rest_route=\/wp\/v2\/pages\/2\/revisions\/80"}],"wp:attachment":[{"href":"https:\/\/www.suedwestschadenservice.de\/index.php?rest_route=%2Fwp%2Fv2%2Fmedia&parent=2"}],"curies":[{"name":"wp","href":"https:\/\/api.w.org\/{rel}","templated":true}]}}